{"id":1774,"date":"2025-10-07T16:30:49","date_gmt":"2025-10-07T16:30:49","guid":{"rendered":"https:\/\/uniperks.pl\/blog\/?page_id=1774"},"modified":"2025-10-07T16:30:54","modified_gmt":"2025-10-07T16:30:54","slug":"regulamin-konkursu-st-pl-sylwester-2025","status":"publish","type":"page","link":"https:\/\/uniperks.pl\/blog\/regulamin-konkursu-st-pl-sylwester-2025\/","title":{"rendered":"REGULAMIN KONKURSU Wygraj Sylwestra na morzu! BalticTRIP z Uniperks"},"content":{"rendered":"\n<div class=\"wp-block-file\"><a id=\"wp-block-file--media-45425cbb-f2f7-4036-b7bd-63626945f7fc\" href=\"https:\/\/uniperks.pl\/blog\/wp-content\/uploads\/2025\/10\/REGULAMIN-KONKURSU-Wygraj-Sylwestra-na-morzu.pdf\">REGULAMIN KONKURSU Wygraj Sylwestra na morzu<\/a><a href=\"https:\/\/uniperks.pl\/blog\/wp-content\/uploads\/2025\/10\/REGULAMIN-KONKURSU-Wygraj-Sylwestra-na-morzu.pdf\" class=\"wp-block-file__button wp-element-button\" download aria-describedby=\"wp-block-file--media-45425cbb-f2f7-4036-b7bd-63626945f7fc\">Pobierz<\/a><\/div>\n\n\n\n<ol class=\"wp-block-list\">\n<li><strong>POSTANOWIENIA OG\u00d3LNE<\/strong>\n<ol class=\"wp-block-list\">\n<li>Niniejszy regulamin (dalej: \u201eRegulamin&#8221;) okre\u015bla warunki konkursu &#8222;Wygraj Sylwestra na morzu! BalticTRIP z Uniperks&#8221; (dalej: \u201eKonkurs&#8221;), a tak\u017ce okre\u015bla prawa i obowi\u0105zki uczestnik\u00f3w Konkursu.<br><\/li>\n\n\n\n<li>Organizatorem Konkursu jest Uniperks Prosta Sp\u00f3\u0142ka Akcyjna (P.S.A.) z siedzib\u0105 w Kielcach (25-663) przy ul. Karola Olszewskiego 6, KRS: 0000996081, NIP: 9592056340, REGON: 523373680 (dalej: \u201eOrganizator&#8221;).<br><\/li>\n\n\n\n<li>Partnerem g\u0142\u00f3wnym Konkursu jest: STUDENT TRAVEL Sp. z o.o. Sp. k. z siedzib\u0105 przy ul. Zuch\u00f3w 2\/34, 20-047 Lublin, NIP: 7123390976, KRS: 0000577071 (dalej: \u201ePartner G\u0142\u00f3wny&#8221;).<br><\/li>\n\n\n\n<li>Konkurs odb\u0119dzie si\u0119 w dniach 01.10.2025 r. od godziny 12:00 do godziny 23:59, 25.10.2025 r.<br><\/li>\n\n\n\n<li>Konkurs b\u0119dzie odbywa\u0142 si\u0119 zgodnie z Regulaminem i przepisami prawa polskiego.<br><\/li>\n\n\n\n<li>Konkurs zostanie przeprowadzony w ramach portal\u00f3w spo\u0142eczno\u015bciowych facebook.com (dalej \u201eSerwis Facebook&#8221;), instagram.com (dalej \u201eSerwis Instagram&#8221;), x.com (dalej \u201eSerwis X&#8221;), Tiktok (dalej &#8222;Serwis Tiktok)&#8221; oraz LinkedIn (dalej serwis &#8222;LinkedIn&#8221;) na profilach marki Organizatora i Partnera, czyli, uniperks.pl, STUDENT TRAVEL znajduj\u0105cych si\u0119 pod tymi adresami:<br>\n<ol class=\"wp-block-list\">\n<li>https:\/\/www.facebook.com\/uniperkspl<\/li>\n\n\n\n<li>https:\/\/www.instagram.com\/uniperks_pl<\/li>\n\n\n\n<li>https:\/\/x.com\/uniperks_app<\/li>\n\n\n\n<li>https:\/\/www.linkedin.com\/company\/92478496\/<\/li>\n\n\n\n<li>https:\/\/www.tiktok.com\/@uniperks.pl<\/li>\n\n\n\n<li>https:\/\/www.facebook.com\/stplwyjazdy\/<\/li>\n\n\n\n<li>https:\/\/www.instagram.com\/st_wyjazdy_z_najlepsza_ekipa\/<\/li>\n<\/ol>\n<\/li>\n\n\n\n<li>Organizator o\u015bwiadcza, \u017ce Konkurs nie jest gr\u0105 losow\u0105, loteri\u0105 fantow\u0105, zak\u0142adem wzajemnym, loteri\u0105 promocyjn\u0105, gr\u0105, kt\u00f3rych wynik zale\u017cy od przypadku, ani \u017cadn\u0105 inn\u0105 form\u0105 przewidzian\u0105 w ustawie z dnia 19 listopada 2009 r. o grach hazardowych (t. jedn. Dz.U z 2019 r. ,poz. 847).<br><\/li>\n<\/ol>\n<\/li>\n\n\n\n<li><strong>WARUNKI I ZASADY UCZESTNICTWA W KONKURSIE<\/strong>\n<ol class=\"wp-block-list\">\n<li>Uczestnikiem Konkursu (dalej: \u201eUczestnik&#8221;) mo\u017ce by\u0107 ka\u017cda osoba fizyczna, kt\u00f3ra:<br>\n<ol class=\"wp-block-list\">\n<li>uko\u0144czy\u0142a 18 rok \u017cycia i posiada pe\u0142n\u0105 zdolno\u015b\u0107 do czynno\u015bci prawnych;<\/li>\n\n\n\n<li>nie jest pracownikiem ani wsp\u00f3\u0142pracownikiem (bez wzgl\u0119du na podstaw\u0119 prawn\u0105) Organizatora;<\/li>\n\n\n\n<li>ma sta\u0142e miejsce zamieszkania na terenie Rzeczypospolitej Polskiej;<\/li>\n\n\n\n<li>nie jest cz\u0142onkiem rodziny pracownika lub wsp\u00f3\u0142pracownika Organizatora, tj. wst\u0119pnym, zst\u0119pnym, rodze\u0144stwem, ma\u0142\u017conkiem, rodzicem ma\u0142\u017conka lub osob\u0105 pozostaj\u0105c\u0105 w stosunku przysposobienia;<\/li>\n\n\n\n<li>posiada przez ca\u0142y czas trwania Konkursu aktywne (niezablokowane) Konto U\u017cytkownika w Serwisach Facebook, Instagram, X, LinkedIn, Tiktok;<\/li>\n\n\n\n<li>posiada status studenta lub ucznia oraz zweryfikowa\u0142 sw\u00f3j status na platformie uniperks.pl;<\/li>\n<\/ol>\n<\/li>\n\n\n\n<li>Organizator opublikuje og\u0142oszenie na portalu uniperks.pl (&#8222;Og\u0142oszenie Konkursowe&#8221;) zawieraj\u0105ce opis zadania konkursowego, zasady jego wykonania oraz czas wykonania, a tak\u017ce link do Regulaminu oraz linki do post\u00f3w w Serwisach Facebook, Instagram, X, LinkedIn, Tiktok (\u201ePost Konkursowy&#8221;) pod kt\u00f3rymi b\u0119d\u0105 zbierane zg\u0142oszenia konkursowe oraz wzmiank\u0119 dotycz\u0105c\u0105 przetwarzania danych osobowych Uczestnik\u00f3w.<br><\/li>\n\n\n\n<li>Zadanie konkursowe polega na:<br>\n<ol class=\"wp-block-list\">\n<li>zaobserwowaniu profili @uniperks.pl oraz @st.pl na wybranej platformie spo\u0142eczno\u015bciowej,<\/li>\n\n\n\n<li>zweryfikowaniu statusu studenta na platformie uniperks.pl,<\/li>\n\n\n\n<li>podaniu w komentarzu pod Postem Konkursowym odpowiedzi na zadanie: \u201eOznacz osob\u0119, z kt\u00f3r\u0105 chcia\u0142by\u015b\/chcia\u0142aby\u015b pop\u0142yn\u0105\u0107 na rejs i napisz, dlaczego to w\u0142a\u015bnie Wy powinni\u015bcie zgarn\u0105\u0107 nagrod\u0119&#8221;, lub<\/li>\n\n\n\n<li>udost\u0119pnieniu materia\u0142u wideo w mediach spo\u0142eczno\u015bciowych Uczestnika, kt\u00f3ry stanowi odpowied\u017a na zadanie: \u201eOpisz z kim chcia\u0142by\u015b\/chcia\u0142aby\u015b pop\u0142yn\u0105\u0107 na rejs i dlaczego to w\u0142a\u015bnie Wy powinni\u015bcie zgarn\u0105\u0107 nagrod\u0119&#8221;, z oznaczeniem profili @uniperks.pl oraz @st.pl na danej platformie, a tak\u017ce dodanie hasztagu #BalticTRIPSylwester dalej \u0142\u0105cznie jako &#8222;Zg\u0142oszenie Konkursowe&#8221;.<\/li>\n<\/ol>\n<\/li>\n\n\n\n<li>Realizacja zadania konkursowego musi by\u0107 zgodna z zasadami wskazanymi w Og\u0142oszeniu Konkursowym oraz postanowieniami Regulaminu.<br><\/li>\n\n\n\n<li>Uczestnicy Konkursu mog\u0105 bra\u0107 udzia\u0142 w Konkursie wy\u0142\u0105cznie za po\u015brednictwem Serwisu: Instagram, TikTok, LinkedIn, X lub Facebook.<br><\/li>\n\n\n\n<li>Podczas wykonywania Zadania Konkursowego Uczestnik jest zobowi\u0105zany do przestrzegania zapis\u00f3w regulaminu w\u0142a\u015bciwego serwisu internetowego wymienionego w pkt. poprzedzaj\u0105cym.<br><\/li>\n\n\n\n<li>Udzia\u0142 w Konkursie jest dobrowolny i bezp\u0142atny.<br><\/li>\n\n\n\n<li>Ka\u017cdy Uczestnik Konkursu mo\u017ce udost\u0119pni\u0107 dowoln\u0105 liczb\u0119 Zg\u0142osze\u0144 Konkursowych, z zastrze\u017ceniem, \u017ce tylko jedno z nich mo\u017ce zosta\u0107 nagrodzone w Konkursie.<br><\/li>\n\n\n\n<li>Warunkiem wygrania nagrody jest posiadanie zweryfikowanego statusu studenta na platformie uniperks.pl w momencie wy\u0142onienia zwyci\u0119zc\u00f3w.<br><\/li>\n\n\n\n<li>Organizator uprawniony jest do wykluczenia z udzia\u0142u w Konkursie Uczestnik\u00f3w, kt\u00f3rych dzia\u0142ania s\u0105 sprzeczne z prawem, dobrymi obyczajami, Regulaminem lub regulaminami serwis\u00f3w wymienionych powy\u017cej. Organizator uprawniony jest do wykluczenia przede wszystkim Uczestnik\u00f3w, kt\u00f3rzy:<br>\n<ol class=\"wp-block-list\">\n<li>nie dzia\u0142aj\u0105 osobi\u015bcie, ale przez osoby trzecie;<\/li>\n\n\n\n<li>podejmuj\u0105 dzia\u0142ania z wykorzystaniem konta u\u017cytkownika utworzonego w spos\u00f3b niezgodny z regulaminem w\u0142a\u015bciwego serwisu internetowego;<\/li>\n\n\n\n<li>bior\u0105 udzia\u0142 w Konkursie z wykorzystaniem wi\u0119cej ni\u017c jednego konta u\u017cytkownika serwisu internetowego;<\/li>\n\n\n\n<li>nade\u015bl\u0105 Zg\u0142oszenia Konkursowe zawieraj\u0105ce tre\u015bci sprzeczne z prawem, dobrymi obyczajami, wulgarne, przedstawiaj\u0105ce lub opisuj\u0105ce sytuacje lub zdarzenia, kt\u00f3re mog\u0105 powodowa\u0107 zagro\u017cenie dla zdrowia lub \u017cycia ludzi lub zwierz\u0105t, zawieraj\u0105ce tre\u015bci o charakterze pornograficznym lub mog\u0105cym obrazi\u0107 uczucia lub przekonania innych os\u00f3b, b\u0105d\u017a naruszaj\u0105ce prawa os\u00f3b trzecich, w tym w szczeg\u00f3lno\u015bci dobra osobiste i prawa autorskie;<\/li>\n\n\n\n<li>u\u017cywaj\u0105 skrypt\u00f3w lub oprogramowania automatyzuj\u0105cego poruszanie si\u0119 po serwisie;<\/li>\n\n\n\n<li>nie posiadaj\u0105 zweryfikowanego statusu studenta na platformie uniperks.pl.<\/li>\n<\/ol>\n<\/li>\n<\/ol>\n<\/li>\n\n\n\n<li><strong>NAGRODY<\/strong>\n<ol class=\"wp-block-list\">\n<li>W celu zapewnienia prawid\u0142owego przebiegu Konkursu oraz celu wy\u0142onienia laureat\u00f3w Konkursu, Organizator powo\u0142a komisj\u0119 konkursow\u0105 sk\u0142adaj\u0105c\u0105 si\u0119 z jednego przedstawiciela Partnera i jednego przedstawiciela Organizatora (dalej: \u201eKomisja&#8221;).<br><\/li>\n\n\n\n<li>Komisja po zako\u0144czeniu Konkursu wybierze spo\u015br\u00f3d Uczestnik\u00f3w, 1 (jednego) zwyci\u0119zc\u0119 (dalej: \u201eZwyci\u0119zca&#8221;), kt\u00f3ry przes\u0142a\u0142 najbardziej kreatywne i wyr\u00f3\u017cniaj\u0105ce si\u0119 w swojej tre\u015bci oraz formie Zg\u0142oszenie Konkursowe.<br><\/li>\n\n\n\n<li>W Konkursie wy\u0142oniony zostanie 1 (jeden) Zwyci\u0119zca.<br><\/li>\n\n\n\n<li>Decyzja Komisji co do wy\u0142onienia Zwyci\u0119zcy jest ostateczna.<br><\/li>\n\n\n\n<li>Nagrod\u0105 (dalej:\u201eNagroda&#8221;) w konkursie jest:<br>\n<ol class=\"wp-block-list\">\n<li>dla Zwyci\u0119zcy:\n<ol class=\"wp-block-list\">\n<li>ufundowana przez Partnera G\u0142\u00f3wnego nagroda g\u0142\u00f3wna, kt\u00f3ra obejmuje wyjazd BalticTRIP 4 Stolice Sylwester dla 2 os\u00f3b, w terminie od 28.12.2025 do 03.01.2026, obejmuj\u0105cy:\n<ol class=\"wp-block-list\">\n<li>2 noclegi w komfortowych hotelach *** w Rydze i Helsinkach<\/li>\n\n\n\n<li>2 noclegi w kajutach luksusowych statk\u00f3w wycieczkowych na trasie Helsinki &#8211; Sztokholm oraz Sztokholm &#8211; Tallin<\/li>\n\n\n\n<li>4 \u015bniadania na statkach wycieczkowych i w hotelach<\/li>\n\n\n\n<li>2 obiadokolacje na statkach wycieczkowych podczas rejsu sylwestrowego oraz podczas rejsu noworocznego<\/li>\n\n\n\n<li>Rejs z Tallina do Helsinek<\/li>\n\n\n\n<li>Zwiedzanie Rygi, Sztokholmu, Helsinek i Tallina<\/li>\n\n\n\n<li>Przejazd komfortowym autokarem<\/li>\n\n\n\n<li>Opiek\u0119 kadry ST<\/li>\n\n\n\n<li>Ubezpieczenie na czas wyjazdu<\/li>\n\n\n\n<li>o \u0142\u0105cznej warto\u015bci 4200 z\u0142 brutto (dalej: \u201eNagroda G\u0142\u00f3wna&#8221;);<\/li>\n<\/ol>\n<\/li>\n<\/ol>\n<\/li>\n<\/ol>\n<\/li>\n\n\n\n<li>Warunkiem skorzystania z Nagrody G\u0142\u00f3wnej jest zawarcie z Partnerem G\u0142\u00f3wnym odr\u0119bnego porozumienia, na mocy kt\u00f3rego Zwyci\u0119zca:<br>\n<ol class=\"wp-block-list\">\n<li>zobowi\u0105\u017ce si\u0119 do wykonania co najmniej 8 zdj\u0119\u0107 przedstawiaj\u0105cych Zwyci\u0119zc\u0119 podczas wycieczki obejmuj\u0105cej Nagrod\u0119 G\u0142\u00f3wn\u0105;<\/li>\n\n\n\n<li>zobowi\u0105\u017ce si\u0119 do wykonania co najmniej 3 film\u00f3w lub uj\u0119\u0107 nie kr\u00f3tszych ni\u017c 30 sekund, przedstawiaj\u0105cych Zwyci\u0119zc\u0119 w trakcie wycieczki obejmuj\u0105cej Nagrod\u0119 G\u0142\u00f3wn\u0105;<\/li>\n\n\n\n<li>udzieli Partnerowi stosownej licencji na wykorzystanie materia\u0142\u00f3w, o kt\u00f3rych mowa powy\u017cej oraz zgody na korzystanie z jego wizerunku na cele promocyjne.<\/li>\n<\/ol>\n<\/li>\n\n\n\n<li>Organizator nie ponosi odpowiedzialno\u015bci za tre\u015b\u0107 porozumienia, o kt\u00f3rym mowa powy\u017cej, pozostawiaj\u0105c t\u0119 kwesti\u0119 do wy\u0142\u0105cznej decyzji Zwyci\u0119zcy, Partnera i ewentualnie innych os\u00f3b korzystaj\u0105cych z Nagrody G\u0142\u00f3wnej.<br><\/li>\n\n\n\n<li>Og\u0142oszenie wynik\u00f3w Konkursu b\u0119dzie nast\u0119powa\u0142o nie p\u00f3\u017aniej ni\u017c w ci\u0105gu 7 dni roboczych od chwili zako\u0144czenia Konkursu.<br><\/li>\n\n\n\n<li>Wyniki zostan\u0105 og\u0142oszone poprzez komentarz pod Zg\u0142oszeniem Konkursowym. Zwyci\u0119zca zostanie poproszony o przes\u0142anie danych kontaktowych w wiadomo\u015bci prywatnej na profilu Organizatora w Serwisie Facebook, Serwisie Instagram, Serwisie X lub w Serwisach TikTok, LinkedIn.<br><\/li>\n\n\n\n<li>Zwyci\u0119zca zobowi\u0105zany jest umo\u017cliwi\u0107 Organizatorowi komunikacj\u0119 za po\u015brednictwem wiadomo\u015bci prywatnych w Serwisie Facebook, Serwisie Instagram, Serwisie X lub w Serwisie TikTok, LinkedIn w celu poinformowania go o wygranej oraz dalszej procedurze zwi\u0105zanej z odbiorem nagrody. W przypadku braku kontaktu ze strony Zwyci\u0119zcy w ci\u0105gu 2 dni od daty og\u0142oszenia wynik\u00f3w, Organizator Konkursu ma mo\u017cliwo\u015b\u0107 przyznania nagrody innemu Uczestnikowi.<br><\/li>\n\n\n\n<li>W przypadku zamiaru opublikowania informacji o wynikach Konkursu na portalach spo\u0142eczno\u015bciowych przez Organizatora, Organizator poprosi Zwyci\u0119zc\u0119 o udzielenie zgody na opublikowanie imienia i nazwiska Zwyci\u0119zcy w informacji na profilach spo\u0142eczno\u015bciowych Organizatora. Wyra\u017cenie zgody jest dobrowolne i nie wp\u0142ywa na mo\u017cliwo\u015b\u0107 uzyskania Nagrody.<br><\/li>\n\n\n\n<li>Nagrody zostan\u0105 przekazane Zwyci\u0119zcy w formie elektronicznych dokument\u00f3w (w formie voucher\u00f3w) do zrealizowania w porozumieniu z Partnerem.<br><\/li>\n\n\n\n<li>W przypadku, w kt\u00f3rym Zwyci\u0119zca b\u0119dzie zobowi\u0105zany do odprowadzenia podatku dochodowego od otrzymanej Nagrody, Nagroda zostanie powi\u0119kszona o dodatkow\u0105 nagrod\u0119 pieni\u0119\u017cn\u0105 o wysoko\u015bci 11,11% warto\u015bci Nagrody, celem pokrycia podatku dochodowego nale\u017cnego od Zwyci\u0119zcy. Zwyci\u0119zca jest zobowi\u0105zany do przekazania danych niezb\u0119dnych do ustalenia obowi\u0105zku podatkowego i wystawienia dokument\u00f3w podatkowych. W braku ich przekazania w wyznaczonym terminie, Zwyci\u0119zca traci prawo do Nagrody.<br><\/li>\n\n\n\n<li>W przypadku, o kt\u00f3rym mowa powy\u017cej, dodatkowa nagroda pieni\u0119\u017cna zostanie potr\u0105cona na poczet nale\u017cnego zrycza\u0142towanego podatku dochodowego od os\u00f3b fizycznych, o kt\u00f3rym mowa art. 30 ust. 1 pkt. 2 Ustawy z dnia 26 lipca 1991 roku o podatku dochodowym od os\u00f3b fizycznych. Kwota podatku, o kt\u00f3rym mowa powy\u017cej, nie zostanie wydana Zwyci\u0119zcy, a zostanie odprowadzona do w\u0142a\u015bciwego urz\u0119du skarbowego. Zwyci\u0119zca nie jest uprawniony do \u017c\u0105dania wyp\u0142aty dodatkowej nagrody pieni\u0119\u017cnej.<br><\/li>\n\n\n\n<li>Nagroda nie podlega wymianie ani zamianie, w szczeg\u00f3lno\u015bci na ekwiwalent pieni\u0119\u017cny.<br><\/li>\n\n\n\n<li>Za terminow\u0105 realizacj\u0119 Nagr\u00f3d odpowiada Partner Konkursu.<br><\/li>\n<\/ol>\n<\/li>\n\n\n\n<li><strong>POST\u0118POWANIE REKLAMACYJNE<\/strong>\n<ol class=\"wp-block-list\">\n<li>Reklamacje nale\u017cy kierowa\u0107 na adres mailowy: marketing@uniperks.pl, wpisuj\u0105c w tytule wiadomo\u015bci &#8222;Konkurs: Wygraj Sylwestra na morzu! BalticTRIP z Uniperks&#8221;.<br><\/li>\n\n\n\n<li>Zg\u0142oszenie reklamacyjne musi zawiera\u0107 dane personalne zg\u0142aszaj\u0105cego, tj. login oraz adres e-mail oraz przyczyn\u0119 reklamacji, tre\u015b\u0107 \u017c\u0105dania reklamuj\u0105cego oraz opis okoliczno\u015bci uzasadniaj\u0105cych reklamacj\u0119.<br><\/li>\n\n\n\n<li>Osoba wnosz\u0105ca reklamacj\u0119 zostanie powiadomiona o jej rozstrzygni\u0119ciu za po\u015brednictwem wiadomo\u015bci e-mail najp\u00f3\u017aniej w terminie 21 dni od daty otrzymania reklamacji przez Organizatora.<br><\/li>\n\n\n\n<li>Po wyczerpaniu post\u0119powania reklamacyjnego osobie wnosz\u0105cej reklamacj\u0119 przys\u0142uguje prawo dochodzenia roszcze\u0144 w post\u0119powaniu s\u0105dowym wed\u0142ug przepis\u00f3w powszechnie obowi\u0105zuj\u0105cego prawa.<br><\/li>\n<\/ol>\n<\/li>\n\n\n\n<li><strong>PRZETWARZANIE DANYCH OSOBOWYCH I PRAWA AUTORSKIE<\/strong>\n<ol class=\"wp-block-list\">\n<li>Administratorem danych osobowych Uczestnik\u00f3w Konkursu (zwanych dalej r\u00f3wnie\u017c \u201ePodmiotami danych&#8221;) jest Organizator.<br><\/li>\n\n\n\n<li>Podmiot danych mo\u017ce skontaktowa\u0107 si\u0119 z Organizatorem poprzez wys\u0142anie pisma na adres siedziby Organizatora lub za po\u015brednictwem poczty elektronicznej na adres: marketing@uniperks.pl.<br><\/li>\n\n\n\n<li>Dane osobowe Podmiot\u00f3w danych b\u0119d\u0105 przetwarzane na podstawie:<br>\n<ol class=\"wp-block-list\">\n<li>art. 6 ust. 1 lit. a) Rozporz\u0105dzenia Parlamentu Europejskiego i Rady (UE) nr 2016\/679 z dnia 27 kwietnia 2016 r. w sprawie ochrony os\u00f3b fizycznych w zwi\u0105zku z przetwarzaniem danych osobowych i w sprawie swobodnego przep\u0142ywu takich danych oraz uchylenia dyrektywy 95\/46\/WE (dalej w skr\u00f3cie \u201eRODO&#8221;), tj. na podstawie zgody Podmiotu danych na przetwarzanie danych osobowych Podmiotu danych w celu umo\u017cliwienia udzia\u0142u w konkursie oraz je\u017celi Podmiot danych b\u0119d\u0105cy Zwyci\u0119zc\u0105 udzieli takiej zgody, w celu opublikowania informacji o wynikach Konkursu na portalach spo\u0142eczno\u015bciowych Organizatora, w tym Serwisie Facebook, Serwisie Instagram i Serwisie X i w Serwisie TikTok;<\/li>\n\n\n\n<li>art. 6 ust. 1 lit. c) RODO w celu wype\u0142nienia obowi\u0105zk\u00f3w prawnych ci\u0105\u017c\u0105cych na Organizatorze z mocy przepis\u00f3w podatkowych, je\u017celi Podmiot danych b\u0119d\u0105cy Zwyci\u0119zc\u0105 b\u0119dzie zobowi\u0105zany do odprowadzenia podatku dochodowego od otrzymanej Nagrody lub je\u017celi Organizator b\u0119dzie zobowi\u0105zany do prowadzenia ewidencji os\u00f3b nagrodzonych, o kt\u00f3rej mowa w art. 7 ust. 4 pkt 1) ustawy dnia 11 marca 2004 r. o podatku od towar\u00f3w i us\u0142ug (t.j. Dz. U. z 2021 r. poz. 685 z p\u00f3\u017an. zm.);<\/li>\n\n\n\n<li>art. 6 ust. 1 lit. c) RODO w celu wype\u0142nienia obowi\u0105zk\u00f3w prawnych ci\u0105\u017c\u0105cych na Organizatorze w zwi\u0105zku ze zg\u0142oszeniem przez Podmiot danych reklamacji w celu przyj\u0119cia, rozpatrzenia oraz odpowiedzi na otrzyman\u0105 reklamacj\u0119.<\/li>\n<\/ol>\n<\/li>\n\n\n\n<li>Dane osobowe Podmiotu danych b\u0119d\u0105 przetwarzane przez okres niezb\u0119dny do realizacji cel\u00f3w, dla kt\u00f3rych zosta\u0142y zebrane. W szczeg\u00f3lno\u015bci:<br>\n<ol class=\"wp-block-list\">\n<li>w przypadku udzia\u0142u w konkursie \u2013 przez okres trwania Konkursu oraz nast\u0119pnie 10 dni od dnia zako\u0144czenia Konkursu i realizacji Nagrody;<\/li>\n\n\n\n<li>w przypadku obowi\u0105zk\u00f3w podatkowych \u2013 przez okres wymagany przepisami prawa;<\/li>\n\n\n\n<li>w przypadku reklamacji \u2013 przez okres jednego roku od dnia za\u0142atwienia reklamacji.<\/li>\n<\/ol>\n<\/li>\n\n\n\n<li>Podmiotowi danych przys\u0142uguje prawo do \u017c\u0105dania od Organizatora dost\u0119pu do danych osobowych, ich sprostowania, usuni\u0119cia lub ograniczenia przetwarzania oraz prawo do przenoszenia danych, je\u017celi dane te s\u0105 przetwarzane w spos\u00f3b zautomatyzowany.<br><\/li>\n\n\n\n<li>W przypadkach przetwarzania danych na podstawie zgody Podmiot danych mo\u017ce cofn\u0105\u0107 udzielon\u0105 zgod\u0119 na przetwarzanie danych osobowych w dowolnym momencie za po\u015brednictwem wszystkich dost\u0119pnych kana\u0142\u00f3w komunikacji z Organizatorem. Cofni\u0119cie zgody nie wp\u0142ywa na zgodno\u015b\u0107 z prawem przetwarzania danych osobowych dokonanego przed takim cofni\u0119ciem. Cofni\u0119cie zgody na przetwarzanie danych osobowych jest jednoznacznie z wycofaniem si\u0119 z uczestnictwa w Konkursie.<br><\/li>\n\n\n\n<li>Podmiotowi danych przys\u0142uguje prawo wniesienia skargi do organu nadzorczego, tj. do Prezesa Urz\u0119du Ochrony Danych Osobowych w zwi\u0105zku z przetwarzaniem danych osobowych przez Organizatora.<br><\/li>\n\n\n\n<li>Podanie danych osobowych jest dobrowolne, jednak ich niepodanie uniemo\u017cliwi Podmiotowi danych wzi\u0119cie udzia\u0142u w Konkursie. W przypadku obowi\u0105zk\u00f3w podatkowych i reklamacyjnych podanie danych jest obowi\u0105zkiem wynikaj\u0105cym z przepis\u00f3w prawa.<br><\/li>\n\n\n\n<li>Do przetwarzania danych osobowych Uczestnik\u00f3w Konkursu stosuje si\u0119 \u2013 w zakresie nieuregulowanym odmiennie w niniejszym punkcie \u2013 postanowienia Polityki Prywatno\u015bci Serwisu Facebook, Serwisu Instagram i Serwisu X lub Serwisu TikTok, LinkedIn.<br><\/li>\n\n\n\n<li>Zwyci\u0119zca mo\u017ce by\u0107 poproszony o podanie swoich dodatkowych, niezb\u0119dnych do realizacji nagrody, danych osobowych za po\u015brednictwem Formularza Google. Korzystanie przez Organizatora z formularza Google oznacza, \u017ce dane osobowe Zwyci\u0119zcy zawarte w ww. formularzu mog\u0105 by\u0107 przetwarzane przez podmioty z grupy Google, w tym w szczeg\u00f3lno\u015bci Google Ireland Limited. Podmioty z grupy Google LLC, w tym w szczeg\u00f3lno\u015bci Google Ireland Limited mog\u0105 potencjalnie przesy\u0142a\u0107 dane osobowe Zwyci\u0119zcy podane w formularzu Google poza obszar Europejskiego Obszaru Gospodarczego. Podmioty te stosuj\u0105 zatwierdzone przez Komisj\u0119 Europejsk\u0105 Standardowe Klauzule umowne stanowi\u0105ce mechanizmy prawne dotycz\u0105ce transferu danych z Unii Europejskiej. Standardowe klauzule umowne s\u0105 stosowne r\u00f3wnie\u017c w umowach pomi\u0119dzy sp\u00f3\u0142kami z jednej grupy kapita\u0142owej. Wi\u0119cej informacji na temat przetwarzania danych osobowych przez podmioty z grupy Google LLC znajduje si\u0119 w polityce prywatno\u015bci Google dost\u0119pnej pod adresem: https:\/\/policies.google.com\/privacy?hl=pl.<br><\/li>\n\n\n\n<li>Uczestnik poprzez przes\u0142anie zg\u0142oszenia konkursowego udziela Organizatorowi nieodp\u0142atnej i niewy\u0142\u0105cznej licencji na korzystanie z autorskich praw maj\u0105tkowych do zg\u0142oszenia konkursowego, bez ogranicze\u0144 czasowych i terytorialnych, na wszystkich znanych w chwili przes\u0142ania zg\u0142oszenia konkursowego polach eksploatacji, w szczeg\u00f3lno\u015bci:<br>\n<ol class=\"wp-block-list\">\n<li>wykorzystywania, w tym w szczeg\u00f3lno\u015bci w celu wykorzystywania w celu promowania i oferowania produkt\u00f3w i us\u0142ug Organizatora,<\/li>\n\n\n\n<li>kopiowania,<\/li>\n\n\n\n<li>modyfikowania,<\/li>\n\n\n\n<li>utrwalanie i zwielokrotnianie technik\u0105 drukarsk\u0105, reprograficzn\u0105, zapisu magnetycznego i technik\u0105 cyfrow\u0105,<\/li>\n\n\n\n<li>wprowadzanie do obrotu, u\u017cyczenie lub najem orygina\u0142u albo egzemplarzy,<\/li>\n\n\n\n<li>publiczne wystawienie, wy\u015bwietlenie, odtworzenie, nadawanie i reemitowanie, publiczne udost\u0119pnienie w taki spos\u00f3b, aby ka\u017cdy m\u00f3g\u0142 mie\u0107 do niego dost\u0119p w miejscu i czasie przez siebie wybranym, w tym w szczeg\u00f3lno\u015bci w sieci Internet.<\/li>\n<\/ol>\n<\/li>\n\n\n\n<li>Organizator ma prawo upowa\u017cnienia os\u00f3b trzecich do korzystania ze zg\u0142oszenia konkursowego w zakresie okre\u015blonym powy\u017cej.<br><\/li>\n\n\n\n<li>Organizator z chwil\u0105 uzyskania licencji nabywa prawo do wykonywania praw zale\u017cnych na wszystkich polach eksploatacji tam wskazanych.<br><\/li>\n<\/ol>\n<\/li>\n\n\n\n<li><strong>POSTANOWIENIA KO\u0143COWE<\/strong>\n<ol class=\"wp-block-list\">\n<li>Regulamin niniejszego Konkursu znajduje si\u0119 na stronie internetowej pod adresem: https:\/\/uniperks.pl\/blog\/regulamin-konkursu-st-pl-sylwester-2025<br><\/li>\n\n\n\n<li>W kwestiach nieuregulowanych niniejszym Regulaminem stosuje si\u0119 odpowiednie powszechnie obowi\u0105zuj\u0105ce przepisy prawa polskiego.<br><\/li>\n\n\n\n<li>Regulamin wchodzi w \u017cycie z dniem 01.10.2025 r.<\/li>\n<\/ol>\n<\/li>\n<\/ol>\n","protected":false},"excerpt":{"rendered":"","protected":false},"author":5,"featured_media":0,"parent":0,"menu_order":0,"comment_status":"closed","ping_status":"closed","template":"","meta":{"csco_singular_sidebar":"","csco_page_header_type":"","csco_page_load_nextpost":"","footnotes":""},"class_list":{"0":"post-1774","1":"page","2":"type-page","3":"status-publish","5":"cs-entry"},"_links":{"self":[{"href":"https:\/\/uniperks.pl\/blog\/wp-json\/wp\/v2\/pages\/1774","targetHints":{"allow":["GET"]}}],"collection":[{"href":"https:\/\/uniperks.pl\/blog\/wp-json\/wp\/v2\/pages"}],"about":[{"href":"https:\/\/uniperks.pl\/blog\/wp-json\/wp\/v2\/types\/page"}],"author":[{"embeddable":true,"href":"https:\/\/uniperks.pl\/blog\/wp-json\/wp\/v2\/users\/5"}],"replies":[{"embeddable":true,"href":"https:\/\/uniperks.pl\/blog\/wp-json\/wp\/v2\/comments?post=1774"}],"version-history":[{"count":1,"href":"https:\/\/uniperks.pl\/blog\/wp-json\/wp\/v2\/pages\/1774\/revisions"}],"predecessor-version":[{"id":1777,"href":"https:\/\/uniperks.pl\/blog\/wp-json\/wp\/v2\/pages\/1774\/revisions\/1777"}],"wp:attachment":[{"href":"https:\/\/uniperks.pl\/blog\/wp-json\/wp\/v2\/media?parent=1774"}],"curies":[{"name":"wp","href":"https:\/\/api.w.org\/{rel}","templated":true}]}}