{"id":1581,"date":"2025-05-20T13:47:29","date_gmt":"2025-05-20T13:47:29","guid":{"rendered":"https:\/\/uniperks.pl\/blog\/?page_id=1581"},"modified":"2025-08-08T07:09:11","modified_gmt":"2025-08-08T07:09:11","slug":"poznaj-uniperks","status":"publish","type":"page","link":"https:\/\/uniperks.pl\/blog\/poznaj-uniperks\/","title":{"rendered":"Poznaj uniperks \u2013\u00a0benefity i zni\u017cki studenckie"},"content":{"rendered":"\n<p class=\"has-text-align-center\">Studiujesz? \ud83d\udcda Wydawaj mniej, \u017cyj bardziej i do\u0142\u0105cz do ponad 30 000 student\u00f3w, kt\u00f3rzy ju\u017c korzystaj\u0105 z benefit\u00f3w i zni\u017cek studenckich\ud83d\udd25<\/p>\n\n\n\n<p class=\"has-text-align-center\">\u2b50\ufe0f Ocena 5.0\/5 w\u015br\u00f3d student\u00f3w<\/p>\n\n\n\n<div class=\"wp-block-buttons is-layout-flex wp-block-buttons-is-layout-flex\">\n<div class=\"wp-block-button has-custom-width wp-block-button__width-100 is-style-fill\"><a class=\"wp-block-button__link has-medium-font-size has-text-align-center has-custom-font-size wp-element-button\" href=\"https:\/\/uniperks.pl\/\" style=\"padding-top:var(--wp--preset--spacing--40);padding-bottom:var(--wp--preset--spacing--40)\" target=\"_blank\" rel=\"noreferrer noopener\">\u2705 Zweryfikuj status studenta<\/a><\/div>\n\n\n\n<div class=\"wp-block-button has-custom-width wp-block-button__width-100 is-style-outline is-style-outline--15\"><a class=\"wp-block-button__link has-primary-color has-text-color has-background has-link-color has-medium-font-size has-text-align-center has-custom-font-size wp-element-button\" href=\"https:\/\/uniperks.pl\/\" style=\"background-color:#e1e1e800;padding-top:var(--wp--preset--spacing--40);padding-bottom:var(--wp--preset--spacing--40)\" target=\"_blank\" rel=\"noreferrer noopener\">\ud83d\udc49 Sprawd\u017a 127 aktualnych zni\u017cek studenckich<\/a><\/div>\n\n\n\n<div class=\"wp-block-button has-custom-width wp-block-button__width-100 is-style-outline is-style-outline--16\"><a class=\"wp-block-button__link has-primary-color has-text-color has-background has-link-color has-medium-font-size has-text-align-center has-custom-font-size wp-element-button\" href=\"https:\/\/uniperks.pl\/blog\/aplikacja-uniperks\/\" style=\"background-color:#e1e1e800;padding-top:var(--wp--preset--spacing--40);padding-bottom:var(--wp--preset--spacing--40)\" target=\"_blank\" rel=\"noreferrer noopener\">\ud83d\udcf2 Pobierz aplikacj\u0119 uniperks<\/a><\/div>\n<\/div>\n\n\n\n<h2 class=\"wp-block-heading has-text-align-center\">Jak dzia\u0142a uniperks?<\/h2>\n\n\n\n<h2 class=\"wp-block-heading has-text-align-center\">1\ufe0f\u20e3<\/h2>\n\n\n\n<p class=\"has-text-align-center\">Weryfikujesz status studenta tak \u0142atwo, jak logujesz si\u0119 na USOS-a, eDziekanat lub poczt\u0119 studenck\u0105. Je\u015bli nie masz do nich dost\u0119pu, mamy przygotowane alternatywne metody weryfikacji.<\/p>\n\n\n\n<h2 class=\"wp-block-heading has-text-align-center\">2\ufe0f\u20e3<\/h2>\n\n\n\n<p class=\"has-text-align-center\">Pobierasz aplikacj\u0119 na telefon oraz wtyczk\u0119 do przegl\u0105darki, dzi\u0119ki czemu nigdy nie przegapisz benefit\u00f3w i zni\u017cek studenckich. <\/p>\n\n\n\n<h2 class=\"wp-block-heading has-text-align-center\">3\ufe0f\u20e3<\/h2>\n\n\n\n<p class=\"has-text-align-center\">Zyskujesz dost\u0119p do setek benefit\u00f3w i zni\u017cek studenckich do -50% na marki takie jak Samsung, Sephora, Max Premium Burgers, TaniaKsi\u0105\u017cka.pl, BookBeat, ALAB Laboratoria czy Crocs.<\/p>\n\n\n\n<p><\/p>\n","protected":false},"excerpt":{"rendered":"Studiujesz? \ud83d\udcda Wydawaj mniej, \u017cyj bardziej i do\u0142\u0105cz do ponad 30 000 student\u00f3w, kt\u00f3rzy ju\u017c korzystaj\u0105 z benefit\u00f3w&hellip;","protected":false},"author":5,"featured_media":1460,"parent":0,"menu_order":0,"comment_status":"closed","ping_status":"closed","template":"","meta":{"csco_singular_sidebar":"disabled","csco_page_header_type":"none","csco_page_load_nextpost":"","footnotes":""},"class_list":{"0":"post-1581","1":"page","2":"type-page","3":"status-publish","4":"has-post-thumbnail","6":"cs-entry"},"_links":{"self":[{"href":"https:\/\/uniperks.pl\/blog\/wp-json\/wp\/v2\/pages\/1581","targetHints":{"allow":["GET"]}}],"collection":[{"href":"https:\/\/uniperks.pl\/blog\/wp-json\/wp\/v2\/pages"}],"about":[{"href":"https:\/\/uniperks.pl\/blog\/wp-json\/wp\/v2\/types\/page"}],"author":[{"embeddable":true,"href":"https:\/\/uniperks.pl\/blog\/wp-json\/wp\/v2\/users\/5"}],"replies":[{"embeddable":true,"href":"https:\/\/uniperks.pl\/blog\/wp-json\/wp\/v2\/comments?post=1581"}],"version-history":[{"count":13,"href":"https:\/\/uniperks.pl\/blog\/wp-json\/wp\/v2\/pages\/1581\/revisions"}],"predecessor-version":[{"id":1760,"href":"https:\/\/uniperks.pl\/blog\/wp-json\/wp\/v2\/pages\/1581\/revisions\/1760"}],"wp:featuredmedia":[{"embeddable":true,"href":"https:\/\/uniperks.pl\/blog\/wp-json\/wp\/v2\/media\/1460"}],"wp:attachment":[{"href":"https:\/\/uniperks.pl\/blog\/wp-json\/wp\/v2\/media?parent=1581"}],"curies":[{"name":"wp","href":"https:\/\/api.w.org\/{rel}","templated":true}]}}