{"id":1379,"date":"2025-03-03T09:19:45","date_gmt":"2025-03-03T09:19:45","guid":{"rendered":"https:\/\/uniperks.pl\/blog\/?page_id=1379"},"modified":"2025-03-03T09:27:48","modified_gmt":"2025-03-03T09:27:48","slug":"aplikacja-uniperks","status":"publish","type":"page","link":"https:\/\/uniperks.pl\/blog\/aplikacja-uniperks\/","title":{"rendered":"Aplikacja uniperks"},"content":{"rendered":"    <div class=\"app-download-buttons\">\n        <a href=\"#\" class=\"button android-button\" data-url=\"https:\/\/uniperks.pl\/blog\/aplikacja-uniperks\/?os=android\">Pobierz dla Android<\/a>\n        <a href=\"#\" class=\"button ios-button\" data-url=\"https:\/\/uniperks.pl\/blog\/aplikacja-uniperks\/?os=ios\">Pobierz dla iOS<\/a>\n    <\/div>\n    <script>\n    document.addEventListener('DOMContentLoaded', function() {\n        var buttons = document.querySelectorAll('.app-download-buttons:not(.tiktok-mode) a');\n        buttons.forEach(function(button) {\n            button.addEventListener('click', function(e) {\n                e.preventDefault();\n                var url = this.getAttribute('data-url');\n                var redirected = false;\n\n                \/\/ Je\u015bli Cookiebot istnieje i cookies marketingowe s\u0105 ju\u017c zaakceptowane, przekieruj natychmiast\n                if (typeof Cookiebot !== 'undefined' && Cookiebot.consent.marketing) {\n                    window.location.href = url;\n                    redirected = true;\n                }\n\n                \/\/ Nas\u0142uchuj na zdarzenie akceptacji Cookiebot\n                window.addEventListener('CookiebotOnAccept', function(e) {\n                    if (!redirected && Cookiebot.consent.marketing) {\n                        window.location.href = url;\n                        redirected = true;\n                    }\n                });\n\n                \/\/ Automatyczne przekierowanie po 5 sekundach je\u015bli u\u017cytkownik nie podejmie decyzji\n                setTimeout(function() {\n                    if (!redirected) {\n                        window.location.href = url;\n                    }\n                }, 5000);\n            });\n        });\n    });\n    <\/script>\n    \n","protected":false},"excerpt":{"rendered":"","protected":false},"author":2,"featured_media":0,"parent":0,"menu_order":0,"comment_status":"closed","ping_status":"closed","template":"","meta":{"csco_singular_sidebar":"disabled","csco_page_header_type":"none","csco_page_load_nextpost":"","footnotes":""},"class_list":{"0":"post-1379","1":"page","2":"type-page","3":"status-publish","5":"cs-entry"},"_links":{"self":[{"href":"https:\/\/uniperks.pl\/blog\/wp-json\/wp\/v2\/pages\/1379","targetHints":{"allow":["GET"]}}],"collection":[{"href":"https:\/\/uniperks.pl\/blog\/wp-json\/wp\/v2\/pages"}],"about":[{"href":"https:\/\/uniperks.pl\/blog\/wp-json\/wp\/v2\/types\/page"}],"author":[{"embeddable":true,"href":"https:\/\/uniperks.pl\/blog\/wp-json\/wp\/v2\/users\/2"}],"replies":[{"embeddable":true,"href":"https:\/\/uniperks.pl\/blog\/wp-json\/wp\/v2\/comments?post=1379"}],"version-history":[{"count":3,"href":"https:\/\/uniperks.pl\/blog\/wp-json\/wp\/v2\/pages\/1379\/revisions"}],"predecessor-version":[{"id":1778,"href":"https:\/\/uniperks.pl\/blog\/wp-json\/wp\/v2\/pages\/1379\/revisions\/1778"}],"wp:attachment":[{"href":"https:\/\/uniperks.pl\/blog\/wp-json\/wp\/v2\/media?parent=1379"}],"curies":[{"name":"wp","href":"https:\/\/api.w.org\/{rel}","templated":true}]}}