{"id":137,"date":"2024-09-27T07:10:19","date_gmt":"2024-09-27T07:10:19","guid":{"rendered":"https:\/\/revision.codesupply.co\/revision\/?page_id=137"},"modified":"2025-01-13T09:40:22","modified_gmt":"2025-01-13T09:40:22","slug":"contacts","status":"publish","type":"page","link":"https:\/\/uniperks.pl\/blog\/contacts\/","title":{"rendered":"Wsp\u00f3\u0142praca z uniperks"},"content":{"rendered":"\n<p>uniperks to innowacyjna platforma, kt\u00f3ra \u0142\u0105czy marki z now\u0105 generacj\u0105 konsument\u00f3w \u2013 studentami! Jako lider w dostarczaniu zweryfikowanym studentom ekskluzywnych ofert i zni\u017cek, tworzymy most mi\u0119dzy Twoj\u0105 mark\u0105 a dynamiczn\u0105 spo\u0142eczno\u015bci\u0105 m\u0142odych ludzi.<\/p>\n\n\n\n<p><strong>Kreujemy przysz\u0142o\u015b\u0107 marketingu studenckiego<\/strong><\/p>\n\n\n\n<p>Budujemy rynek pe\u0142en mo\u017cliwo\u015bci, m\u00f3wimy j\u0119zykiem, kt\u00f3ry rozumiej\u0105 studenci. Dzi\u0119ki naszym narz\u0119dziom docieramy do tysi\u0119cy m\u0142odych konsument\u00f3w, aktywnie uczestnicz\u0105cych w \u017cyciu akademickim i codziennych zakupach. Wykorzystuj\u0105c wielokana\u0142owy ekosystem komunikacji, anga\u017cujemy student\u00f3w poprzez spersonalizowane kampanie, kt\u00f3re realnie wp\u0142ywaj\u0105 na ich decyzje zakupowe.<\/p>\n\n\n\n<p><strong>Dlaczego warto wsp\u00f3\u0142pracowa\u0107 z uniperks?<\/strong><\/p>\n\n\n\n<ul class=\"wp-block-list\">\n<li><strong>Precyzyjne targetowanie:<\/strong> Nasze zaawansowane narz\u0119dzia pozwalaj\u0105 dotrze\u0107 do konkretnej grupy student\u00f3w zainteresowanych Twoj\u0105 ofert\u0105, co przek\u0142ada si\u0119 na wzrost sprzeda\u017cy i efektywno\u015b\u0107 kampanii.<\/li>\n\n\n\n<li><strong>Kreatywne kampanie:<\/strong> \u0141\u0105czymy content marketing, social media, display oraz niestandardowe formy wsp\u00f3\u0142pracy, tworz\u0105c sp\u00f3jne i anga\u017cuj\u0105ce kampanie, kt\u00f3re buduj\u0105 \u015bwiadomo\u015b\u0107 marki.<\/li>\n\n\n\n<li><strong>Budowanie lojalno\u015bci:<\/strong> Wspieramy budowanie d\u0142ugotrwa\u0142ych relacji mi\u0119dzy mark\u0105 a studentami, oferuj\u0105c rozwi\u0105zania, kt\u00f3re przekszta\u0142caj\u0105 jednorazowych klient\u00f3w w wiernych ambasador\u00f3w.<\/li>\n\n\n\n<li><strong>Wzmacnianie przekazu:<\/strong> Dostosowujemy komunikaty do realnych potrzeb student\u00f3w, dzi\u0119ki czemu Twoja marka staje si\u0119 bardziej autentyczna i zauwa\u017calna.<\/li>\n<\/ul>\n\n\n\n<p><strong>Co zyskujesz wsp\u00f3\u0142pracuj\u0105c z nami?<\/strong><\/p>\n\n\n\n<ul class=\"wp-block-list\">\n<li><strong>Zwi\u0119kszony GMV:<\/strong> Nasze precyzyjne narz\u0119dzia targetowania i kampanie skierowane do student\u00f3w przyczyniaj\u0105 si\u0119 do realnego wzrostu sprzeda\u017cy.<\/li>\n\n\n\n<li><strong>Silniejsza lojalno\u015b\u0107:<\/strong> Pomagamy budowa\u0107 trwa\u0142e relacje z m\u0142odymi konsumentami, kt\u00f3rzy dzi\u015b s\u0105 przysz\u0142\u0105 klas\u0105 \u015bredni\u0105 i liderami rynku.<\/li>\n\n\n\n<li><strong>Wzmocnienie marki:<\/strong> Dzi\u0119ki kompleksowym kampaniom Twoja marka zyskuje wi\u0119ksz\u0105 rozpoznawalno\u015b\u0107 i g\u0142\u0119bokie zaanga\u017cowanie w\u015br\u00f3d odbiorc\u00f3w.<\/li>\n<\/ul>\n\n\n\n<p><strong>Chcesz razem z nami zrewolucjonizowa\u0107 marketing studencki?<\/strong><\/p>\n\n\n\n<p>Wierzymy w synergi\u0119 i wsp\u00f3lne tworzenie rozwi\u0105za\u0144, kt\u00f3re odpowiadaj\u0105 na potrzeby zar\u00f3wno marek, jak i student\u00f3w. Je\u015bli chcesz dowiedzie\u0107 si\u0119 wi\u0119cej o mo\u017cliwo\u015bciach wsp\u00f3\u0142pracy i rozpocz\u0105\u0107 kampani\u0119 skierowan\u0105 do student\u00f3w, skontaktuj si\u0119 z nami!<\/p>\n\n\n\n<div class=\"wp-block-contact-form-7-contact-form-selector\">[contact-form-7 id=&#8221;ae1e412&#8243; title=&#8221;Contact Form&#8221;]<\/div>\n\n\n\n<p>Razem zbudujmy przysz\u0142o\u015b\u0107 marketingu studenckiego!<\/p>\n\n\n\n<p><\/p>\n","protected":false},"excerpt":{"rendered":"uniperks to innowacyjna platforma, kt\u00f3ra \u0142\u0105czy marki z now\u0105 generacj\u0105 konsument\u00f3w \u2013 studentami! Jako lider w dostarczaniu zweryfikowanym&hellip;","protected":false},"author":2,"featured_media":0,"parent":0,"menu_order":0,"comment_status":"closed","ping_status":"closed","template":"","meta":{"csco_singular_sidebar":"disabled","csco_page_header_type":"none","csco_page_load_nextpost":"","footnotes":""},"class_list":{"0":"post-137","1":"page","2":"type-page","3":"status-publish","5":"cs-entry"},"_links":{"self":[{"href":"https:\/\/uniperks.pl\/blog\/wp-json\/wp\/v2\/pages\/137","targetHints":{"allow":["GET"]}}],"collection":[{"href":"https:\/\/uniperks.pl\/blog\/wp-json\/wp\/v2\/pages"}],"about":[{"href":"https:\/\/uniperks.pl\/blog\/wp-json\/wp\/v2\/types\/page"}],"author":[{"embeddable":true,"href":"https:\/\/uniperks.pl\/blog\/wp-json\/wp\/v2\/users\/2"}],"replies":[{"embeddable":true,"href":"https:\/\/uniperks.pl\/blog\/wp-json\/wp\/v2\/comments?post=137"}],"version-history":[{"count":1,"href":"https:\/\/uniperks.pl\/blog\/wp-json\/wp\/v2\/pages\/137\/revisions"}],"predecessor-version":[{"id":1086,"href":"https:\/\/uniperks.pl\/blog\/wp-json\/wp\/v2\/pages\/137\/revisions\/1086"}],"wp:attachment":[{"href":"https:\/\/uniperks.pl\/blog\/wp-json\/wp\/v2\/media?parent=137"}],"curies":[{"name":"wp","href":"https:\/\/api.w.org\/{rel}","templated":true}]}}